{"id":280,"date":"2023-08-11T21:50:27","date_gmt":"2023-08-11T21:50:27","guid":{"rendered":"https:\/\/camjuris.com\/?page_id=280"},"modified":"2024-02-01T19:57:14","modified_gmt":"2024-02-01T18:57:14","slug":"commander-un-manuel","status":"publish","type":"page","link":"https:\/\/camjuris.com\/en\/commander-un-manuel\/","title":{"rendered":"Commandez Vos Manuels de Droit Fiscal &#038; des Affaires au Cameroun"},"content":{"rendered":"<div data-elementor-type=\"wp-page\" data-elementor-id=\"280\" class=\"elementor elementor-280\" data-elementor-post-type=\"page\">\n\t\t\t\t<div class=\"elementor-element elementor-element-ffca171 e-flex e-con-boxed e-con e-parent\" data-id=\"ffca171\" data-element_type=\"container\" data-settings=\"{&quot;background_background&quot;:&quot;classic&quot;}\" data-core-v316-plus=\"true\">\n\t\t\t\t\t<div class=\"e-con-inner\">\n\t\t<div class=\"elementor-element elementor-element-2a4a2a8 e-con-full e-flex e-con e-child\" data-id=\"2a4a2a8\" data-element_type=\"container\">\n\t\t\t\t<div class=\"elementor-element elementor-element-a62026a elementor-widget elementor-widget-heading\" data-id=\"a62026a\" data-element_type=\"widget\" data-widget_type=\"heading.default\">\n\t\t\t\t<div class=\"elementor-widget-container\">\n\t\t\t<style>\/*! elementor - v3.20.0 - 13-03-2024 *\/\n.elementor-heading-title{padding:0;margin:0;line-height:1}.elementor-widget-heading .elementor-heading-title[class*=elementor-size-]>a{color:inherit;font-size:inherit;line-height:inherit}.elementor-widget-heading .elementor-heading-title.elementor-size-small{font-size:15px}.elementor-widget-heading .elementor-heading-title.elementor-size-medium{font-size:19px}.elementor-widget-heading .elementor-heading-title.elementor-size-large{font-size:29px}.elementor-widget-heading .elementor-heading-title.elementor-size-xl{font-size:39px}.elementor-widget-heading .elementor-heading-title.elementor-size-xxl{font-size:59px}<\/style><h1 class=\"elementor-heading-title elementor-size-default\">Order CAMJuris Manuals - Your Comprehensive Guides to Cameroonian Tax &amp; Business Law<\/h1>\t\t<\/div>\n\t\t\t\t<\/div>\n\t\t\t\t<div class=\"elementor-element elementor-element-b657aa0 elementor-widget elementor-widget-heading\" data-id=\"b657aa0\" data-element_type=\"widget\" data-widget_type=\"heading.default\">\n\t\t\t\t<div class=\"elementor-widget-container\">\n\t\t\t<h1 class=\"elementor-heading-title elementor-size-default\">Get your CAMJuris Manuals today to gain in-depth knowledge of Cameroonian tax and business laws. Maximize your legal and financial performance with our expert resources.<\/h1>\t\t<\/div>\n\t\t\t\t<\/div>\n\t\t<div class=\"elementor-element elementor-element-9147e9e e-flex e-con-boxed e-con e-child\" data-id=\"9147e9e\" data-element_type=\"container\">\n\t\t\t\t\t<div class=\"e-con-inner\">\n\t\t<div class=\"elementor-element elementor-element-4f8e5b2 e-flex e-con-boxed e-con e-child\" data-id=\"4f8e5b2\" data-element_type=\"container\" data-settings=\"{&quot;background_background&quot;:&quot;classic&quot;}\">\n\t\t\t\t\t<div class=\"e-con-inner\">\n\t\t\t\t<div class=\"elementor-element elementor-element-8e36498 elementor-widget__width-inherit elementor-widget elementor-widget-heading\" data-id=\"8e36498\" data-element_type=\"widget\" data-widget_type=\"heading.default\">\n\t\t\t\t<div class=\"elementor-widget-container\">\n\t\t\t<h2 class=\"elementor-heading-title elementor-size-default\">Place Your Order<\/h2>\t\t<\/div>\n\t\t\t\t<\/div>\n\t\t\t\t<div class=\"elementor-element elementor-element-a75e963 elementor-widget__width-inherit elementor-widget elementor-widget-pafe-form-builder-field\" data-id=\"a75e963\" data-element_type=\"widget\" data-widget_type=\"pafe-form-builder-field.default\">\n\t\t\t\t<div class=\"elementor-widget-container\">\n\t\t\t\t\t\r\n\t\t<div class=\"elementor-form-fields-wrapper elementor-labels-above pafe-form-builder-field\">\r\n\t\t\t<div class=\"elementor-field-type-checkbox elementor-field-group elementor-column elementor-field-group-manuel elementor-col-100 elementor-field-required\">\r\n\t\t\t\t<label for=\"form-field-manuel\" class=\"elementor-field-label\">Please check your choice below *<\/label><div data-pafe-form-builder-required><\/div><div class=\"pafe-field-container\"><form action=\"\"><div class=\"elementor-field-subgroup\"><span class=\"elementor-field-option\"><input type=\"checkbox\" value=\"Fiscalit\u00e9DesSoci\u00e9t\u00e9s\" data-value=\"Fiscalit\u00e9DesSoci\u00e9t\u00e9s\" id=\"form-field-manuel-0\" name=\"form_fields[manuel][]\" data-pafe-form-builder-default-value=\"\" onclick=\"clearValidity(this)\" oninvalid=\"this.setCustomValidity(&#039;Veuillez s\u00e9lectionner un manuel&#039;)\" onchange=\"this.setCustomValidity(&#039;&#039;)\" data-pafe-form-builder-form-id=\"order\"> <label for=\"form-field-manuel-0\" class=\"pafe-checkbox-label\">Corporate Taxation(55,000 FCFA)<\/label><\/span><span class=\"elementor-field-option\"><input type=\"checkbox\" value=\"Proc\u00e9dureFiscal\" data-value=\"Proc\u00e9dureFiscal\" id=\"form-field-manuel-1\" name=\"form_fields[manuel][]\" data-pafe-form-builder-default-value=\"\" onclick=\"clearValidity(this)\" oninvalid=\"this.setCustomValidity(&#039;Veuillez s\u00e9lectionner un manuel&#039;)\" onchange=\"this.setCustomValidity(&#039;&#039;)\" data-pafe-form-builder-form-id=\"order\"> <label for=\"form-field-manuel-1\" class=\"pafe-checkbox-label\">Tax Procedure(20,000 FCFA)<\/label><\/span><span class=\"elementor-field-option\"><input type=\"checkbox\" value=\"LesDeux\" data-value=\"LesDeux\" id=\"form-field-manuel-2\" name=\"form_fields[manuel][]\" data-pafe-form-builder-default-value=\"\" onclick=\"clearValidity(this)\" oninvalid=\"this.setCustomValidity(&#039;Veuillez s\u00e9lectionner un manuel&#039;)\" onchange=\"this.setCustomValidity(&#039;&#039;)\" data-pafe-form-builder-form-id=\"order\"> <label for=\"form-field-manuel-2\" class=\"pafe-checkbox-label\">Les deux volumes ensemble(65,000 FCFA)<\/label><\/span><\/div><input type=\"hidden\" name=\"trp-form-language\" value=\"en\"\/><\/form><\/div>\t\t\t<\/div>\r\n\t\t<\/div>\r\n\t\t\t<\/div>\n\t\t\t\t<\/div>\n\t\t\t\t<div class=\"elementor-element elementor-element-ffd3bc6 elementor-widget__width-initial elementor-widget-mobile__width-initial elementor-widget elementor-widget-pafe-form-builder-field\" data-id=\"ffd3bc6\" data-element_type=\"widget\" data-widget_type=\"pafe-form-builder-field.default\">\n\t\t\t\t<div class=\"elementor-widget-container\">\n\t\t\t\t\t\r\n\t\t<div class=\"elementor-form-fields-wrapper elementor-labels-above pafe-form-builder-field\">\r\n\t\t\t<div class=\"elementor-field-type-text elementor-field-group elementor-column elementor-field-group-name elementor-col-100 elementor-field-required\">\r\n\t\t\t\t<label style=\"display:none\" for=\"form-field-name\" class=\"elementor-field-label\">Name and surname \/ company name<\/label><div data-pafe-form-builder-required><\/div><div class=\"pafe-field-container\"><input size=\"1\" class=\"elementor-field elementor-size-\" type=\"text\" name=\"form_fields[name]\" id=\"form-field-name\" placeholder=\"Name and surname \/ company name *\" oninvalid=\"this.setCustomValidity(&#039;Veuillez entrer votre nom&#039;)\" onchange=\"this.setCustomValidity(&#039;&#039;)\" autocomplete=\"on\" data-pafe-form-builder-default-value=\"\" required=\"required\" aria-required=\"true\" data-pafe-form-builder-form-id=\"order\"><\/div>\t\t\t<\/div>\r\n\t\t<\/div>\r\n\t\t\t<\/div>\n\t\t\t\t<\/div>\n\t\t\t\t<div class=\"elementor-element elementor-element-3af06b9 elementor-widget__width-initial elementor-widget elementor-widget-pafe-form-builder-field\" data-id=\"3af06b9\" data-element_type=\"widget\" data-widget_type=\"pafe-form-builder-field.default\">\n\t\t\t\t<div class=\"elementor-widget-container\">\n\t\t\t\t\t\r\n\t\t<div class=\"elementor-form-fields-wrapper elementor-labels-above pafe-form-builder-field\">\r\n\t\t\t<div class=\"elementor-field-type-tel elementor-field-group elementor-column elementor-field-group-tel elementor-col-100 elementor-field-required\">\r\n\t\t\t\t<label style=\"display:none\" for=\"form-field-tel\" class=\"elementor-field-label\">Phone <\/label><div data-pafe-form-builder-required><\/div><div class=\"pafe-field-container\"><input size=\"1\" class=\"elementor-field elementor-size-\" type=\"tel\" name=\"form_fields[tel]\" id=\"form-field-tel\" placeholder=\"Phone *\" oninvalid=\"this.setCustomValidity(&#039;Entrer votre num\u00e9ro de t\u00e9l\u00e9phone&#039;)\" onchange=\"this.setCustomValidity(&#039;&#039;)\" autocomplete=\"on\" data-pafe-form-builder-default-value=\"\" required=\"required\" aria-required=\"true\" data-pafe-form-builder-form-id=\"order\" pattern=\"[0-9()#&amp;+*\\-.]+\" title=\"Only numbers and phone characters (#, -, *, etc) are accepted.\" data-pafe-tel-field=\"\"><\/div>\t\t\t<\/div>\r\n\t\t<\/div>\r\n\t\t\t<\/div>\n\t\t\t\t<\/div>\n\t\t\t\t<div class=\"elementor-element elementor-element-819b9d9 elementor-widget__width-initial elementor-widget elementor-widget-pafe-form-builder-field\" data-id=\"819b9d9\" data-element_type=\"widget\" data-widget_type=\"pafe-form-builder-field.default\">\n\t\t\t\t<div class=\"elementor-widget-container\">\n\t\t\t\t\t\r\n\t\t<div class=\"elementor-form-fields-wrapper elementor-labels-above pafe-form-builder-field\">\r\n\t\t\t<div class=\"elementor-field-type-email elementor-field-group elementor-column elementor-field-group-email elementor-col-100\">\r\n\t\t\t\t<label style=\"display:none\" for=\"form-field-email\" class=\"elementor-field-label\">Email<\/label><div data-pafe-form-builder-required><\/div><div class=\"pafe-field-container\"><input size=\"1\" class=\"elementor-field elementor-size-\" type=\"email\" name=\"form_fields[email]\" id=\"form-field-email\" placeholder=\"Email \" autocomplete=\"on\" data-pafe-form-builder-default-value=\"\" data-pafe-form-builder-form-id=\"order\"><\/div>\t\t\t<\/div>\r\n\t\t<\/div>\r\n\t\t\t<\/div>\n\t\t\t\t<\/div>\n\t\t\t\t<div class=\"elementor-element elementor-element-70628e0 elementor-widget__width-initial elementor-widget-mobile__width-initial elementor-widget elementor-widget-pafe-form-builder-field\" data-id=\"70628e0\" data-element_type=\"widget\" data-widget_type=\"pafe-form-builder-field.default\">\n\t\t\t\t<div class=\"elementor-widget-container\">\n\t\t\t\t\t\r\n\t\t<div class=\"elementor-form-fields-wrapper elementor-labels-above pafe-form-builder-field\">\r\n\t\t\t<div class=\"elementor-field-type-text elementor-field-group elementor-column elementor-field-group-adresse elementor-col-100\">\r\n\t\t\t\t<label style=\"display:none\" for=\"form-field-adresse\" class=\"elementor-field-label\">Address<\/label><div data-pafe-form-builder-required><\/div><div class=\"pafe-field-container\"><input size=\"1\" class=\"elementor-field elementor-size-\" type=\"text\" name=\"form_fields[adresse]\" id=\"form-field-adresse\" placeholder=\"Address\" autocomplete=\"on\" data-pafe-form-builder-default-value=\"\" data-pafe-form-builder-form-id=\"order\"><\/div>\t\t\t<\/div>\r\n\t\t<\/div>\r\n\t\t\t<\/div>\n\t\t\t\t<\/div>\n\t\t\t\t<div class=\"elementor-element elementor-element-cd80d98 elementor-widget__width-initial elementor-widget elementor-widget-pafe-form-builder-submit\" data-id=\"cd80d98\" data-element_type=\"widget\" data-widget_type=\"pafe-form-builder-submit.default\">\n\t\t\t\t<div class=\"elementor-widget-container\">\n\t\t\t\t\t<input type=\"hidden\" name=\"post_id\" value=\"280\" data-pafe-form-builder-hidden-form-id=\"order\"\/>\r\n\t\t<input type=\"hidden\" name=\"form_id\" value=\"cd80d98\" data-pafe-form-builder-hidden-form-id=\"order\"\/>\r\n\t\t<input type=\"hidden\" name=\"remote_ip\" value=\"216.73.216.9\" data-pafe-form-builder-hidden-form-id=\"order\"\/>\r\n\r\n\t\t\r\n\t\t\r\n\t\t\r\n\t\t\r\n\t\t<div class=\"elementor-button-wrapper\">\r\n\t\t\t<button class=\"elementor-button pafe-form-builder-button elementor-size-sm\" data-pafe-submit-keyboard=\"false\" data-pafe-submit-hide=\"false\" role=\"button\" data-pafe-form-builder-required-text=\"Ce champ est requis.\" data-pafe-form-builder-submit-form-id=\"order\" data-pafe-razor-payment=\"no\" data-pafe-razor-sub=\"no\">\r\n\t\t\t\t\t\t<span class=\"elementor-button-content-wrapper\">\r\n\t\t\t<span class=\"elementor-button-text elementor-form-spinner\"><i class=\"fa fa-spinner fa-spin\"><\/i><\/span>\r\n\t\t\t\t\t\t<span class=\"elementor-button-text\">Order Now<\/span>\r\n\t\t<\/span>\r\n\t\t\t\t\t<\/button>\r\n\t\t<\/div>\r\n\r\n\t\t\r\n\t\t                \t\t\t\t\t\t\r\n        \r\n        \t\t<div id=\"pafe-form-builder-trigger-success-order\" data-pafe-form-builder-trigger-success=\"order\" style=\"display: none\"><\/div>\r\n\t\t<div id=\"pafe-form-builder-trigger-failed-order\" data-pafe-form-builder-trigger-failed=\"order\" style=\"display: none\"><\/div>\r\n\t\t<div class=\"pafe-form-builder-alert pafe-form-builder-alert--mail\">\r\n\t\t\t<div class=\"elementor-message elementor-message-success\" role=\"alert\" data-pafe-form-builder-message=\"Commande envoy\u00e9e ! Nous vous contacterons sous peu.\">Commande envoy\u00e9e ! Nous vous contacterons sous peu.<\/div>\r\n\t\t\t<div class=\"elementor-message elementor-message-danger\" role=\"alert\" data-pafe-form-builder-message=\"Une erreur s'est produite.\">Une erreur s'est produite.<\/div>\r\n\t\t\t<!-- <div class=\"elementor-message elementor-help-inline\" role=\"alert\">Server error. Form not sent.<\/div> -->\r\n\t\t<\/div>\r\n\t\t\t\t\t\t<\/div>\n\t\t\t\t<\/div>\n\t\t\t\t\t<\/div>\n\t\t\t\t<\/div>\n\t\t\t\t\t<\/div>\n\t\t\t\t<\/div>\n\t\t\t\t<\/div>\n\t\t\t\t\t<\/div>\n\t\t\t\t<\/div>\n\t\t\t\t<\/div>","protected":false},"excerpt":{"rendered":"<p>Commandez d\u00e8s maintenant les Manuels de Droit Fiscal CAMJuris\u00ae et b\u00e9n\u00e9ficiez d&rsquo;une ressource inestimable pour naviguer dans le paysage fiscal du Cameroun.<\/p>","protected":false},"author":1,"featured_media":528,"parent":0,"menu_order":0,"comment_status":"closed","ping_status":"closed","template":"elementor_header_footer","meta":{"inline_featured_image":false,"footnotes":""},"yoast_head":"<!-- This site is optimized with the Yoast SEO Premium plugin v22.2 (Yoast SEO v22.3) - https:\/\/yoast.com\/wordpress\/plugins\/seo\/ -->\n<title>Commandez Vos Manuels de Droit Fiscal &amp; des Affaires au Cameroun - CAMJuris Sarl<\/title>\n<meta name=\"description\" content=\"Obtenez vos Manuels CAMJuris d\u00e8s aujourd&#039;hui pour acqu\u00e9rir une connaissance approfondie du droit fiscal et des affaires camerounais. Maximisez vos performances juridiques et financi\u00e8res avec nos ressources expertes.\" \/>\n<meta name=\"robots\" content=\"index, follow, max-snippet:-1, max-image-preview:large, max-video-preview:-1\" \/>\n<link rel=\"canonical\" href=\"https:\/\/camjuris.com\/en\/commander-un-manuel\/\" \/>\n<meta property=\"og:locale\" content=\"en_GB\" \/>\n<meta property=\"og:type\" content=\"article\" \/>\n<meta property=\"og:title\" content=\"Commandez Vos Manuels de Droit Fiscal &amp; des Affaires au Cameroun - CAMJuris Sarl\" \/>\n<meta property=\"og:description\" content=\"Obtenez vos Manuels CAMJuris d\u00e8s aujourd&#039;hui pour acqu\u00e9rir une connaissance approfondie du droit fiscal et des affaires camerounais. Maximisez vos performances juridiques et financi\u00e8res avec nos ressources expertes.\" \/>\n<meta property=\"og:url\" content=\"https:\/\/camjuris.com\/en\/commander-un-manuel\/\" \/>\n<meta property=\"og:site_name\" content=\"CAMJuris Sarl\" \/>\n<meta property=\"article:modified_time\" content=\"2024-02-01T18:57:14+00:00\" \/>\n<meta property=\"og:image\" content=\"https:\/\/camjuris.com\/wp-content\/uploads\/2023\/09\/Manuels-Camjuris-SARL-en-vente.webp\" \/>\n\t<meta property=\"og:image:width\" content=\"1366\" \/>\n\t<meta property=\"og:image:height\" content=\"768\" \/>\n\t<meta property=\"og:image:type\" content=\"image\/webp\" \/>\n<meta name=\"twitter:card\" content=\"summary_large_image\" \/>\n<meta name=\"twitter:label1\" content=\"Estimated reading time\" \/>\n\t<meta name=\"twitter:data1\" content=\"1 minute\" \/>\n<script type=\"application\/ld+json\" class=\"yoast-schema-graph\">{\"@context\":\"https:\/\/schema.org\",\"@graph\":[{\"@type\":\"WebPage\",\"@id\":\"https:\/\/camjuris.com\/commander-un-manuel\/\",\"url\":\"https:\/\/camjuris.com\/commander-un-manuel\/\",\"name\":\"Commandez Vos Manuels de Droit Fiscal & des Affaires au Cameroun - CAMJuris Sarl\",\"isPartOf\":{\"@id\":\"https:\/\/camjuris.com\/#website\"},\"primaryImageOfPage\":{\"@id\":\"https:\/\/camjuris.com\/commander-un-manuel\/#primaryimage\"},\"image\":{\"@id\":\"https:\/\/camjuris.com\/commander-un-manuel\/#primaryimage\"},\"thumbnailUrl\":\"https:\/\/camjuris.com\/wp-content\/uploads\/2023\/09\/Manuels-Camjuris-SARL-en-vente.webp\",\"datePublished\":\"2023-08-11T21:50:27+00:00\",\"dateModified\":\"2024-02-01T18:57:14+00:00\",\"description\":\"Obtenez vos Manuels CAMJuris d\u00e8s aujourd'hui pour acqu\u00e9rir une connaissance approfondie du droit fiscal et des affaires camerounais. Maximisez vos performances juridiques et financi\u00e8res avec nos ressources expertes.\",\"breadcrumb\":{\"@id\":\"https:\/\/camjuris.com\/commander-un-manuel\/#breadcrumb\"},\"inLanguage\":\"en-GB\",\"potentialAction\":[{\"@type\":\"ReadAction\",\"target\":[\"https:\/\/camjuris.com\/commander-un-manuel\/\"]}]},{\"@type\":\"ImageObject\",\"inLanguage\":\"en-GB\",\"@id\":\"https:\/\/camjuris.com\/commander-un-manuel\/#primaryimage\",\"url\":\"https:\/\/camjuris.com\/wp-content\/uploads\/2023\/09\/Manuels-Camjuris-SARL-en-vente.webp\",\"contentUrl\":\"https:\/\/camjuris.com\/wp-content\/uploads\/2023\/09\/Manuels-Camjuris-SARL-en-vente.webp\",\"width\":1366,\"height\":768,\"caption\":\"Commandez les Manuels CAMJuris - Vos Cl\u00e9s pour le Succ\u00e8s Juridique et Fiscal au Cameroun\"},{\"@type\":\"BreadcrumbList\",\"@id\":\"https:\/\/camjuris.com\/commander-un-manuel\/#breadcrumb\",\"itemListElement\":[{\"@type\":\"ListItem\",\"position\":1,\"name\":\"Home\",\"item\":\"https:\/\/camjuris.com\/\"},{\"@type\":\"ListItem\",\"position\":2,\"name\":\"Commandez Vos Manuels de Droit Fiscal &#038; des Affaires au Cameroun\"}]},{\"@type\":\"WebSite\",\"@id\":\"https:\/\/camjuris.com\/#website\",\"url\":\"https:\/\/camjuris.com\/\",\"name\":\"CAMJuris Sarl\",\"description\":\"Conseil Juridique &amp; Fiscal au Cameroun\",\"publisher\":{\"@id\":\"https:\/\/camjuris.com\/#organization\"},\"alternateName\":\"Conseil Juridique & Fiscal au Cameroun\",\"potentialAction\":[{\"@type\":\"SearchAction\",\"target\":{\"@type\":\"EntryPoint\",\"urlTemplate\":\"https:\/\/camjuris.com\/?s={search_term_string}\"},\"query-input\":\"required name=search_term_string\"}],\"inLanguage\":\"en-GB\"},{\"@type\":\"Organization\",\"@id\":\"https:\/\/camjuris.com\/#organization\",\"name\":\"Conseil Juridique & Fiscal au Cameroun\",\"alternateName\":\"Conseil Juridique & Fiscal au Cameroun\",\"url\":\"https:\/\/camjuris.com\/\",\"logo\":{\"@type\":\"ImageObject\",\"inLanguage\":\"en-GB\",\"@id\":\"https:\/\/camjuris.com\/#\/schema\/logo\/image\/\",\"url\":\"https:\/\/camjuris.com\/wp-content\/uploads\/2023\/07\/Camjusris-Logo.svg\",\"contentUrl\":\"https:\/\/camjuris.com\/wp-content\/uploads\/2023\/07\/Camjusris-Logo.svg\",\"width\":152,\"height\":170,\"caption\":\"Conseil Juridique & Fiscal au Cameroun\"},\"image\":{\"@id\":\"https:\/\/camjuris.com\/#\/schema\/logo\/image\/\"},\"sameAs\":[\"https:\/\/www.linkedin.com\/in\/camjuris-inc-99a500137\/\"],\"ownershipFundingInfo\":\"https:\/\/camjuris.com\/geh-fosuh\/\"}]}<\/script>\n<!-- \/ Yoast SEO Premium plugin. -->","yoast_head_json":{"title":"Commandez Vos Manuels de Droit Fiscal & des Affaires au Cameroun - CAMJuris Sarl","description":"Obtenez vos Manuels CAMJuris d\u00e8s aujourd'hui pour acqu\u00e9rir une connaissance approfondie du droit fiscal et des affaires camerounais. Maximisez vos performances juridiques et financi\u00e8res avec nos ressources expertes.","robots":{"index":"index","follow":"follow","max-snippet":"max-snippet:-1","max-image-preview":"max-image-preview:large","max-video-preview":"max-video-preview:-1"},"canonical":"https:\/\/camjuris.com\/en\/commander-un-manuel\/","og_locale":"en_GB","og_type":"article","og_title":"Commandez Vos Manuels de Droit Fiscal & des Affaires au Cameroun - CAMJuris Sarl","og_description":"Obtenez vos Manuels CAMJuris d\u00e8s aujourd'hui pour acqu\u00e9rir une connaissance approfondie du droit fiscal et des affaires camerounais. Maximisez vos performances juridiques et financi\u00e8res avec nos ressources expertes.","og_url":"https:\/\/camjuris.com\/en\/commander-un-manuel\/","og_site_name":"CAMJuris Sarl","article_modified_time":"2024-02-01T18:57:14+00:00","og_image":[{"width":1366,"height":768,"url":"https:\/\/camjuris.com\/wp-content\/uploads\/2023\/09\/Manuels-Camjuris-SARL-en-vente.webp","type":"image\/webp"}],"twitter_card":"summary_large_image","twitter_misc":{"Estimated reading time":"1 minute"},"schema":{"@context":"https:\/\/schema.org","@graph":[{"@type":"WebPage","@id":"https:\/\/camjuris.com\/commander-un-manuel\/","url":"https:\/\/camjuris.com\/commander-un-manuel\/","name":"Commandez Vos Manuels de Droit Fiscal & des Affaires au Cameroun - CAMJuris Sarl","isPartOf":{"@id":"https:\/\/camjuris.com\/#website"},"primaryImageOfPage":{"@id":"https:\/\/camjuris.com\/commander-un-manuel\/#primaryimage"},"image":{"@id":"https:\/\/camjuris.com\/commander-un-manuel\/#primaryimage"},"thumbnailUrl":"https:\/\/camjuris.com\/wp-content\/uploads\/2023\/09\/Manuels-Camjuris-SARL-en-vente.webp","datePublished":"2023-08-11T21:50:27+00:00","dateModified":"2024-02-01T18:57:14+00:00","description":"Obtenez vos Manuels CAMJuris d\u00e8s aujourd'hui pour acqu\u00e9rir une connaissance approfondie du droit fiscal et des affaires camerounais. Maximisez vos performances juridiques et financi\u00e8res avec nos ressources expertes.","breadcrumb":{"@id":"https:\/\/camjuris.com\/commander-un-manuel\/#breadcrumb"},"inLanguage":"en-GB","potentialAction":[{"@type":"ReadAction","target":["https:\/\/camjuris.com\/commander-un-manuel\/"]}]},{"@type":"ImageObject","inLanguage":"en-GB","@id":"https:\/\/camjuris.com\/commander-un-manuel\/#primaryimage","url":"https:\/\/camjuris.com\/wp-content\/uploads\/2023\/09\/Manuels-Camjuris-SARL-en-vente.webp","contentUrl":"https:\/\/camjuris.com\/wp-content\/uploads\/2023\/09\/Manuels-Camjuris-SARL-en-vente.webp","width":1366,"height":768,"caption":"Commandez les Manuels CAMJuris - Vos Cl\u00e9s pour le Succ\u00e8s Juridique et Fiscal au Cameroun"},{"@type":"BreadcrumbList","@id":"https:\/\/camjuris.com\/commander-un-manuel\/#breadcrumb","itemListElement":[{"@type":"ListItem","position":1,"name":"Home","item":"https:\/\/camjuris.com\/"},{"@type":"ListItem","position":2,"name":"Commandez Vos Manuels de Droit Fiscal &#038; des Affaires au Cameroun"}]},{"@type":"WebSite","@id":"https:\/\/camjuris.com\/#website","url":"https:\/\/camjuris.com\/","name":"CAMJuris Sarl","description":"Conseil Juridique &amp; Fiscal au Cameroun","publisher":{"@id":"https:\/\/camjuris.com\/#organization"},"alternateName":"Conseil Juridique & Fiscal au Cameroun","potentialAction":[{"@type":"SearchAction","target":{"@type":"EntryPoint","urlTemplate":"https:\/\/camjuris.com\/?s={search_term_string}"},"query-input":"required name=search_term_string"}],"inLanguage":"en-GB"},{"@type":"Organization","@id":"https:\/\/camjuris.com\/#organization","name":"Conseil Juridique & Fiscal au Cameroun","alternateName":"Conseil Juridique & Fiscal au Cameroun","url":"https:\/\/camjuris.com\/","logo":{"@type":"ImageObject","inLanguage":"en-GB","@id":"https:\/\/camjuris.com\/#\/schema\/logo\/image\/","url":"https:\/\/camjuris.com\/wp-content\/uploads\/2023\/07\/Camjusris-Logo.svg","contentUrl":"https:\/\/camjuris.com\/wp-content\/uploads\/2023\/07\/Camjusris-Logo.svg","width":152,"height":170,"caption":"Conseil Juridique & Fiscal au Cameroun"},"image":{"@id":"https:\/\/camjuris.com\/#\/schema\/logo\/image\/"},"sameAs":["https:\/\/www.linkedin.com\/in\/camjuris-inc-99a500137\/"],"ownershipFundingInfo":"https:\/\/camjuris.com\/geh-fosuh\/"}]}},"_links":{"self":[{"href":"https:\/\/camjuris.com\/en\/wp-json\/wp\/v2\/pages\/280"}],"collection":[{"href":"https:\/\/camjuris.com\/en\/wp-json\/wp\/v2\/pages"}],"about":[{"href":"https:\/\/camjuris.com\/en\/wp-json\/wp\/v2\/types\/page"}],"author":[{"embeddable":true,"href":"https:\/\/camjuris.com\/en\/wp-json\/wp\/v2\/users\/1"}],"replies":[{"embeddable":true,"href":"https:\/\/camjuris.com\/en\/wp-json\/wp\/v2\/comments?post=280"}],"version-history":[{"count":51,"href":"https:\/\/camjuris.com\/en\/wp-json\/wp\/v2\/pages\/280\/revisions"}],"predecessor-version":[{"id":671,"href":"https:\/\/camjuris.com\/en\/wp-json\/wp\/v2\/pages\/280\/revisions\/671"}],"wp:featuredmedia":[{"embeddable":true,"href":"https:\/\/camjuris.com\/en\/wp-json\/wp\/v2\/media\/528"}],"wp:attachment":[{"href":"https:\/\/camjuris.com\/en\/wp-json\/wp\/v2\/media?parent=280"}],"curies":[{"name":"wp","href":"https:\/\/api.w.org\/{rel}","templated":true}]}}